{"id":45,"date":"2017-01-07T16:53:32","date_gmt":"2017-01-07T16:53:32","guid":{"rendered":"http:\/\/www.dynamicpress.eu\/envato\/striped7\/?page_id=45"},"modified":"2023-01-27T15:26:10","modified_gmt":"2023-01-27T14:26:10","slug":"home","status":"publish","type":"page","link":"https:\/\/www.anytime-transport.at\/","title":{"rendered":"STARTSEITE"},"content":{"rendered":"<p>[vc_row type=&#8220;grid&#8220; video_bg=&#8220;&#8220; css=&#8220;.vc_custom_1488737239805{background-color: #00abab !important;}&#8220;][vc_column dp_animation=&#8220;&#8220;]<div class=\"striped-anchor\" id=\"Startseite\"><\/div>\n\t\t\t<!-- START Home REVOLUTION SLIDER 6.1.8 --><p class=\"rs-p-wp-fix\"><\/p>\n\t\t\t<rs-module-wrap id=\"rev_slider_1_1_wrapper\" data-source=\"gallery\" style=\"background:rgba(0,171,171,0);padding:0;margin:0px auto;margin-top:0;margin-bottom:0;\">\n\t\t\t\t<rs-module id=\"rev_slider_1_1\" style=\"display:none;\" data-version=\"6.1.8\">\n\t\t\t\t\t<rs-slides>\n\t\t\t\t\t\t<rs-slide data-key=\"rs-1\" data-title=\"Slide\" data-anim=\"ei:d;eo:d;s:600;r:0;t:fade;sl:d;\">\n\t\t\t\t\t\t\t<img loading=\"lazy\" decoding=\"async\" src=\"\/\/anytime-transport.at\/wp-content\/uploads\/2020\/06\/banner-neu.png\" title=\"banner-neu\" width=\"1920\" height=\"550\" data-parallax=\"off\" class=\"rev-slidebg\" data-no-retina>\n<!--\n\t\t\t\t\t\t\t--><rs-layer\n\t\t\t\t\t\t\t\tid=\"slider-1-slide-1-layer-2\" \n\t\t\t\t\t\t\t\tdata-type=\"text\"\n\t\t\t\t\t\t\t\tdata-rsp_ch=\"on\"\n\t\t\t\t\t\t\t\tdata-xy=\"xo:176px,13px,25px,20px;y:m;yo:-100px,-254px,-370px,-277px;\"\n\t\t\t\t\t\t\t\tdata-text=\"w:normal;s:100,63,67,44;l:120,76,80,47;fw:900;\"\n\t\t\t\t\t\t\t\tdata-dim=\"w:452px,287px,306px,181px;\"\n\t\t\t\t\t\t\t\tdata-frame_0=\"x:0,0px,0px,0px;y:0,0px,0px,0px;\"\n\t\t\t\t\t\t\t\tdata-frame_1=\"x:0,0px,0px,0px;y:0,0px,0px,0px;sp:2000;\"\n\t\t\t\t\t\t\t\tdata-frame_999=\"o:0;st:w;\"\n\t\t\t\t\t\t\t\tstyle=\"z-index:7;font-family:Roboto;\"\n\t\t\t\t\t\t\t>Anytime<br\/>Anywhere \n\t\t\t\t\t\t\t<\/rs-layer><!--\n\n\t\t\t\t\t\t\t--><rs-layer\n\t\t\t\t\t\t\t\tid=\"slider-1-slide-1-layer-3\" \n\t\t\t\t\t\t\t\tdata-type=\"text\"\n\t\t\t\t\t\t\t\tdata-color=\"#007aff\"\n\t\t\t\t\t\t\t\tdata-rsp_ch=\"on\"\n\t\t\t\t\t\t\t\tdata-xy=\"xo:176px,13px,25px,20px;y:m;yo:84px,-139px,-250px,-199px;\"\n\t\t\t\t\t\t\t\tdata-text=\"w:normal;s:100,63,67,44;l:120,64,48,53;fw:900;\"\n\t\t\t\t\t\t\t\tdata-frame_0=\"x:0,0,0,0px;y:0,0,0,0px;\"\n\t\t\t\t\t\t\t\tdata-frame_1=\"x:0,0,0,0px;y:0,0,0,0px;e:Expo.easeIn;sp:2000;\"\n\t\t\t\t\t\t\t\tdata-frame_999=\"o:0;st:w;\"\n\t\t\t\t\t\t\t\tstyle=\"z-index:8;font-family:Roboto;\"\n\t\t\t\t\t\t\t>Transport \n\t\t\t\t\t\t\t<\/rs-layer><!--\n-->\t\t\t\t\t\t<\/rs-slide>\n\t\t\t\t\t<\/rs-slides>\n\t\t\t\t\t<rs-progress class=\"rs-bottom\" style=\"visibility: hidden !important;\"><\/rs-progress>\n\t\t\t\t<\/rs-module>\n\t\t\t\t<script type=\"text\/javascript\">\n\t\t\t\t\tsetREVStartSize({c: 'rev_slider_1_1',rl:[1240,1024,778,480],el:[550,768,960,720],gw:[1920,1024,778,480],gh:[550,768,960,720],type:'standard',justify:'',layout:'fullwidth',mh:\"0\"});\n\t\t\t\t\tvar\trevapi1,\n\t\t\t\t\t\ttpj;\n\t\t\t\t\tjQuery(function() {\n\t\t\t\t\t\ttpj = jQuery;\n\t\t\t\t\t\tif(tpj(\"#rev_slider_1_1\").revolution == undefined){\n\t\t\t\t\t\t\trevslider_showDoubleJqueryError(\"#rev_slider_1_1\");\n\t\t\t\t\t\t}else{\n\t\t\t\t\t\t\trevapi1 = tpj(\"#rev_slider_1_1\").show().revolution({\n\t\t\t\t\t\t\t\tjsFileLocation:\"\/\/anytime-transport.at\/wp-content\/plugins\/revslider\/public\/assets\/js\/\",\n\t\t\t\t\t\t\t\tsliderLayout:\"fullwidth\",\n\t\t\t\t\t\t\t\tvisibilityLevels:\"1240,1024,778,480\",\n\t\t\t\t\t\t\t\tgridwidth:\"1920,1024,778,480\",\n\t\t\t\t\t\t\t\tgridheight:\"550,768,960,720\",\n\t\t\t\t\t\t\t\tspinner:\"spinner0\",\n\t\t\t\t\t\t\t\teditorheight:\"550,768,960,720\",\n\t\t\t\t\t\t\t\tresponsiveLevels:\"1240,1024,778,480\",\n\t\t\t\t\t\t\t\tdisableProgressBar:\"on\",\n\t\t\t\t\t\t\t\tnavigation: {\n\t\t\t\t\t\t\t\t\tonHoverStop:false\n\t\t\t\t\t\t\t\t},\n\t\t\t\t\t\t\t\tparallax: {\n\t\t\t\t\t\t\t\t\tlevels:[5,10,15,20,25,30,35,40,45,46,47,48,49,50,51,55],\n\t\t\t\t\t\t\t\t\ttype:\"mouse\"\n\t\t\t\t\t\t\t\t},\n\t\t\t\t\t\t\t\tscrolleffect: {\n\t\t\t\t\t\t\t\t\tset:true,\n\t\t\t\t\t\t\t\t\tfade:true,\n\t\t\t\t\t\t\t\t\tblur:true,\n\t\t\t\t\t\t\t\t\tmaxblur:20,\n\t\t\t\t\t\t\t\t\tmultiplicator:1.3,\n\t\t\t\t\t\t\t\t\tmultiplicator_layers:1.3,\n\t\t\t\t\t\t\t\t\ttilt:20,\n\t\t\t\t\t\t\t\t\tdisable_onmobile:true\n\t\t\t\t\t\t\t\t},\n\t\t\t\t\t\t\t\tfallbacks: {\n\t\t\t\t\t\t\t\t\tallowHTML5AutoPlayOnAndroid:true\n\t\t\t\t\t\t\t\t},\n\t\t\t\t\t\t\t});\n\t\t\t\t\t\t}\n\t\t\t\t\t\t\n\t\t\t\t\t});\n\t\t\t\t<\/script>\n\t\t\t<\/rs-module-wrap>\n\t\t\t<!-- END REVOLUTION SLIDER -->\n<div class=\"striped-anchor\" id=\"features\"><\/div>[\/vc_column][\/vc_row][vc_row type=&#8220;grid&#8220; video_bg=&#8220;&#8220; el_id=&#8220;unsereleistungen&#8220;][vc_column css_animation=&#8220;bounceInRight&#8220; width=&#8220;1\/2&#8243; dp_animation=&#8220;&#8220; css=&#8220;.vc_custom_1521230264508{padding-top: 80px !important;}&#8220;]<div id=\"striped-custom-69d0f9e418ff2\" class=\"dp-headline big  headline-align-left subtitle-size-small\"><h3><span style=\"color:#007aff\">UNSERE LEISTUNGEN<\/span><\/h3><\/div>[vc_empty_space height=&#8220;22px&#8220;][vc_row_inner][vc_column_inner css=&#8220;.vc_custom_1521229927014{margin-top: -30px !important;}&#8220; offset=&#8220;vc_hidden-xs&#8220;][vc_column_text dp_animation=&#8220;&#8220;]<\/p>\n<ul>\n<li>Kurier- und Sonderfahrt<\/li>\n<li>Standardversand \/ Paketdienst<\/li>\n<li>Kleintransporte<\/li>\n<li>Umzug &amp; \u00dcbersiedlung<\/li>\n<li>Sonderfahrten<\/li>\n<li>Termin- und Direkttransporte<\/li>\n<li>Abholung &amp; Liferung<\/li>\n<li>Overnight Transporte<\/li>\n<li>Express Transporte<\/li>\n<li>Palettenzustellungen, Abholtouren<\/li>\n<li>Kommissionierung<\/li>\n<li>Gefahrgutsendung<\/li>\n<\/ul>\n<h4 class=\" vc_custom_heading vc_custom_1480986655239\"><strong>ANYTIME TRANSPORT<\/strong> mit langj\u00e4hrige Erfahrung <strong>ZUVERL\u00c4SSIG<\/strong> und <strong>P\u00dcNKTLICH<\/strong>.<\/h4>\n<p>[\/vc_column_text][\/vc_column_inner][\/vc_row_inner][\/vc_column][vc_column css_animation=&#8220;fadeInLeft&#8220; width=&#8220;1\/2&#8243; dp_animation=&#8220;&#8220;][vc_empty_space height=&#8220;42px&#8220;][vc_empty_space height=&#8220;42px&#8220;][vc_column_text dp_animation=&#8220;&#8220;]<\/p>\n<h4 style=\"text-align: center;\"><strong>Schnell und Professional<\/strong><\/h4>\n<p>&nbsp;<\/p>\n<p><img loading=\"lazy\" decoding=\"async\" class=\"wp-image-3028 size-full aligncenter\" src=\"https:\/\/anytime-transport.at\/wp-content\/uploads\/2020\/06\/ffff.png\" alt=\"\" width=\"512\" height=\"287\" srcset=\"https:\/\/anytime-transport.at\/wp-content\/uploads\/2020\/06\/ffff.png 512w, https:\/\/anytime-transport.at\/wp-content\/uploads\/2020\/06\/ffff-300x168.png 300w\" sizes=\"auto, (max-width: 512px) 100vw, 512px\" \/>[\/vc_column_text][\/vc_column][\/vc_row][vc_row type=&#8220;grid&#8220; parallax_speed=&#8220;0.2&#8243; video_bg=&#8220;&#8220; css=&#8220;.vc_custom_1590008649104{padding-bottom: 30px !important;background-color: #f3f3f3 !important;}&#8220; el_id=&#8220;uberuns&#8220;][vc_column css_animation=&#8220;fadeInRight&#8220; width=&#8220;1\/2&#8243; dp_animation=&#8220;&#8220; offset=&#8220;vc_col-lg-6 vc_col-md-12 vc_col-xs-12&#8243; css=&#8220;.vc_custom_1521238476508{padding-top: 80px !important;}&#8220;]<div style=\"height:18px; width:100%;clear:both; background-color:\"><\/div>[vc_single_image image=&#8220;3012&#8243; img_size=&#8220;full&#8220; alignment=&#8220;center&#8220; dp_animation=&#8220;&#8220;][\/vc_column][vc_column css_animation=&#8220;fadeInLeft&#8220; width=&#8220;1\/2&#8243; dp_animation=&#8220;&#8220; offset=&#8220;vc_col-lg-6 vc_col-md-12 vc_col-xs-12&#8243; css=&#8220;.vc_custom_1521238484258{padding-top: 80px !important;}&#8220;]<div id=\"striped-custom-69d0f9e41900f\" class=\"dp-headline big  headline-align-left subtitle-size-small\"><h3><span>\u00dcber uns<\/span><\/h3><div class=\"subtitle\">Z\u00f6gern Sie nicht, uns zu kontaktieren<\/div><\/div><div style=\"height:10px; width:100%;clear:both; background-color:\"><\/div>[vc_column_text dp_animation=&#8220;&#8220;]Die Anytime Transport ist spezialisiert ihren Kunden kosteng\u00fcnstige und zuverl\u00e4ssige Transportl\u00f6sungen von Gefahrgutsendungen, Paketsendungen bis hin zu Palettensendungen zu bestm\u00f6glichen l\u00f6sungen durchzuf\u00fchren. Unser Angebot reicht vom einfachen Kleintransporte bis hin zu komplexen Kommissionierung.<\/p>\n<h2>Ihr Transportservice \u00d6sterreichweit<\/h2>\n<p>&nbsp;<\/p>\n<p>Wir sind rasch, sicher und verl\u00e4sslich f\u00fcr Sie da. Profitieren sie von unserer Erfahrung und nehmen sie gleich hier Kontakt auf oder rufen sie uns einfach an und vereinbaren sie einen pers\u00f6nlichen Termin.[\/vc_column_text][\/vc_column][\/vc_row][vc_row type=&#8220;grid&#8220; video_bg=&#8220;&#8220; el_id=&#8220;kontakt&#8220;][vc_column dp_animation=&#8220;&#8220;]<div class=\"striped-anchor\" id=\"Kontakt\"><\/div>[\/vc_column][\/vc_row][vc_row type=&#8220;grid&#8220; video_bg=&#8220;&#8220; css=&#8220;.vc_custom_1488926133058{margin-top: 10px !important;border-bottom-width: 120px !important;}&#8220;][vc_column width=&#8220;1\/6&#8243; dp_animation=&#8220;&#8220;][\/vc_column][vc_column width=&#8220;2\/3&#8243; dp_animation=&#8220;&#8220; el_class=&#8220;inquiry-form&#8220;][\/vc_column][vc_column width=&#8220;1\/6&#8243; dp_animation=&#8220;&#8220;][\/vc_column][\/vc_row][vc_row type=&#8220;grid&#8220; video_bg=&#8220;&#8220; css=&#8220;.vc_custom_1521240941752{margin-top: 30px !important;border-bottom-width: 120px !important;}&#8220;][vc_column width=&#8220;1\/3&#8243; dp_animation=&#8220;&#8220; el_class=&#8220;inquiry-form&#8220;]<div id=\"striped-custom-69d0f9e419029\" class=\"dp-headline big  headline-align-left subtitle-size-small\"><h3><span>Impressum<\/span><\/h3><\/div><div style=\"height:30px; width:100%;clear:both; background-color:\"><\/div>[vc_raw_html]JTNDZGl2JTIwY2xhc3MlM0QlMjJjb250YWN0LWluZm8lMjIlM0UlMEElM0NkaXYlMjBjbGFzcyUzRCUyMmljb24tY29udGFpbmVyJTIyJTNFJTNDaSUyMGNsYXNzJTNEJTIyRGVmYXVsdC1pbmZvLWNpcmNsZSUyMiUzRSUzQyUyRmklM0UlM0MlMkZkaXYlM0UlMEElM0NkaXYlMjBjbGFzcyUzRCUyMmNvbnRlbnQlMjIlM0UlMEElM0NwJTNFQU5ZVElNRSUyMEdNQkglM0MlMkZwJTNFJTBBJTNDJTJGZGl2JTNFJTBBJTNDJTJGZGl2JTNFJTBBJTNDZGl2JTIwY2xhc3MlM0QlMjJjb250YWN0LWluZm8lMjIlM0UlMEElM0NkaXYlMjBjbGFzcyUzRCUyMmljb24tY29udGFpbmVyJTIyJTNFJTNDaSUyMGNsYXNzJTNEJTIyRGVmYXVsdC11bmlFMTcwJTIyJTNFJTNDJTJGaSUzRSUzQyUyRmRpdiUzRSUwQSUzQ2RpdiUyMGNsYXNzJTNEJTIyY29udGVudCUyMiUzRSUwQSUzQ3AlM0VHZXNjaCVDMyVBNGZ0c2YlQzMlQkNocmVyJTIwJTNBJTIwJTNDYnIlM0VZdXN1ZiUyMFN1bmd1ciUzQyUyRnAlM0UlMEElM0MlMkZkaXYlM0UlMEElM0MlMkZkaXYlM0UlMEElM0NkaXYlMjBjbGFzcyUzRCUyMmNvbnRhY3QtaW5mbyUyMiUzRSUwQSUzQ2RpdiUyMGNsYXNzJTNEJTIyaWNvbi1jb250YWluZXIlMjIlM0UlM0NpJTIwY2xhc3MlM0QlMjJEZWZhdWx0LXVuaUUxNTElMjIlM0UlM0MlMkZpJTNFJTNDJTJGZGl2JTNFJTBBJTNDZGl2JTIwY2xhc3MlM0QlMjJjb250ZW50JTIyJTNFJTBBJTNDcCUzRSUyQjQzJTIwNjYwJTIwMTkwJTIwNTAlMjA5MiUzQyUyRnAlM0UlMEElM0MlMkZkaXYlM0UlMEElM0MlMkZkaXYlM0UlMEElM0NkaXYlMjBjbGFzcyUzRCUyMmNvbnRhY3QtaW5mbyUyMiUzRSUwQSUzQ2RpdiUyMGNsYXNzJTNEJTIyaWNvbi1jb250YWluZXIlMjIlM0UlM0NpJTIwY2xhc3MlM0QlMjJEZWZhdWx0LXVuaUUwRjYlMjIlM0UlM0MlMkZpJTNFJTNDJTJGZGl2JTNFJTBBJTNDZGl2JTIwY2xhc3MlM0QlMjJjb250ZW50JTIyJTNFJTBBJTNDcCUzRVJpY2hhcmQlMjBTdHJhdSVDMyU5RiUyMFN0cmElQzMlOUZlJTIwMTglMjAlM0NiciUzRUEtMTIzMCUyMFdpZW4lM0MlMkZwJTNFJTBBJTNDJTJGZGl2JTNFJTBBJTNDJTJGZGl2JTNFJTBBJTNDZGl2JTIwY2xhc3MlM0QlMjJjbGVhcmJvdGglMjIlM0UlM0MlMkZkaXYlM0UlMEElM0NkaXYlMjBjbGFzcyUzRCUyMmNvbnRhY3QtaW5mbyUyMiUzRSUwQSUzQ2RpdiUyMGNsYXNzJTNEJTIyaWNvbi1jb250YWluZXIlMjIlM0UlM0NpJTIwY2xhc3MlM0QlMjJEZWZhdWx0LWVudmVsb3BlLW8lMjIlM0UlM0MlMkZpJTNFJTNDJTJGZGl2JTNFJTBBJTNDZGl2JTIwY2xhc3MlM0QlMjJjb250ZW50JTIyJTNFJTBBJTNDcCUzRW9mZmljZSU0MGFueXRpbWUtdHJhbnNwb3J0LmF0JTNDJTJGcCUzRSUwQSUzQyUyRmRpdiUzRSUwQSUzQyUyRmRpdiUzRSUwQSUzQ2RpdiUyMGNsYXNzJTNEJTIyY29udGFjdC1pbmZvJTIyJTNFJTBBJTNDZGl2JTIwY2xhc3MlM0QlMjJpY29uLWNvbnRhaW5lciUyMiUzRSUzQ2klMjBjbGFzcyUzRCUyMkRlZmF1bHQtaW5mby1jaXJjbGUlMjIlM0UlM0MlMkZpJTNFJTNDJTJGZGl2JTNFJTBBJTNDZGl2JTIwY2xhc3MlM0QlMjJjb250ZW50JTIyJTNFJTBBJTNDcCUzRVVJRCUyME51bW1lciUyMCUzQSUyMEFUVTc1ODk2MjQ3JTNDYnIlM0UlMjBGaXJtZW5idWNoJTIwJTNBJTIwJTIwJTIwRk41MzQyODBnJTIwJTNDJTJGYnIlM0UlMjAlMjAlMjAlMjAlMjBIYW5kZWxzZ2VyaWNodCUyMFdpZW4lM0MlMkZwJTNFJTBBJTNDJTJGZGl2JTNFJTBBJTNDJTJGZGl2JTNF[\/vc_raw_html][\/vc_column][vc_column width=&#8220;2\/3&#8243; dp_animation=&#8220;&#8220;]<div id=\"striped-custom-69d0f9e419037\" class=\"dp-headline big  headline-align-center subtitle-size-small\"><h3><span>Kontaktieren Sie uns<\/span><\/h3><\/div><div style=\"height:10px; width:100%;clear:both; background-color:\"><\/div>\n<div class=\"wpcf7 no-js\" id=\"wpcf7-f1268-o1\" lang=\"en-US\" dir=\"ltr\">\n<div class=\"screen-reader-response\"><p role=\"status\" aria-live=\"polite\" aria-atomic=\"true\"><\/p> <ul><\/ul><\/div>\n<form action=\"\/index.php?rest_route=%2Fwp%2Fv2%2Fpages%2F45#wpcf7-f1268-o1\" method=\"post\" class=\"wpcf7-form init\" aria-label=\"Contact form\" novalidate=\"novalidate\" data-status=\"init\">\n<div style=\"display: none;\">\n<input type=\"hidden\" name=\"_wpcf7\" value=\"1268\" \/>\n<input type=\"hidden\" name=\"_wpcf7_version\" value=\"5.7.3\" \/>\n<input type=\"hidden\" name=\"_wpcf7_locale\" value=\"en_US\" \/>\n<input type=\"hidden\" name=\"_wpcf7_unit_tag\" value=\"wpcf7-f1268-o1\" \/>\n<input type=\"hidden\" name=\"_wpcf7_container_post\" value=\"0\" \/>\n<input type=\"hidden\" name=\"_wpcf7_posted_data_hash\" value=\"\" \/>\n<\/div>\n<p><span class=\"wpcf7-form-control-wrap\" data-name=\"your-name\"><input size=\"40\" class=\"wpcf7-form-control wpcf7-text wpcf7-validates-as-required\" aria-required=\"true\" aria-invalid=\"false\" placeholder=\"Name\" value=\"\" type=\"text\" name=\"your-name\" \/><\/span>\n<\/p>\n<div class=\"one_half\">\n\t<p><span class=\"wpcf7-form-control-wrap\" data-name=\"your-email\"><input size=\"40\" class=\"wpcf7-form-control wpcf7-text wpcf7-email wpcf7-validates-as-required wpcf7-validates-as-email\" aria-required=\"true\" aria-invalid=\"false\" placeholder=\"Email\" value=\"\" type=\"email\" name=\"your-email\" \/><\/span>\n\t<\/p>\n<\/div>\n<div class=\"one_half_last\">\n\t<p><span class=\"wpcf7-form-control-wrap\" data-name=\"your-phone\"><input size=\"40\" class=\"wpcf7-form-control wpcf7-text\" aria-invalid=\"false\" placeholder=\"Telefonnummer\" value=\"\" type=\"text\" name=\"your-phone\" \/><\/span>\n\t<\/p>\n<\/div>\n<div class=\"space20 clearboth\">\n<\/div>\n<p><span class=\"wpcf7-form-control-wrap\" data-name=\"your-message\"><textarea cols=\"40\" rows=\"10\" class=\"wpcf7-form-control wpcf7-textarea\" aria-invalid=\"false\" placeholder=\"Ihre Nachricht\" name=\"your-message\"><\/textarea><\/span>\n<\/p>\n<p><input class=\"wpcf7-form-control has-spinner wpcf7-submit\" type=\"submit\" value=\"SENDEN\" \/>\n<\/p><div class=\"wpcf7-response-output\" aria-hidden=\"true\"><\/div>\n<\/form>\n<\/div>\n[\/vc_column][\/vc_row][vc_row type=&#8220;grid&#8220; video_bg=&#8220;&#8220;][vc_column dp_animation=&#8220;&#8220;][vc_column_text dp_animation=&#8220;&#8220;]<\/p>\n<p>[\/vc_column_text][\/vc_column][\/vc_row]<\/p>\n","protected":false},"excerpt":{"rendered":"<p>[vc_row type=&#8220;grid&#8220; video_bg=&#8220;&#8220; css=&#8220;.vc_custom_1488737239805{background-color: #00abab !important;}&#8220;][vc_column dp_animation=&#8220;&#8220;][\/vc_column][\/vc_row][vc_row type=&#8220;grid&#8220; video_bg=&#8220;&#8220; el_id=&#8220;unsereleistungen&#8220;][vc_column css_animation=&#8220;bounceInRight&#8220; width=&#8220;1\/2&#8243; dp_animation=&#8220;&#8220; css=&#8220;.vc_custom_1521230264508{padding-top: 80px !important;}&#8220;][vc_empty_space height=&#8220;22px&#8220;][vc_row_inner][vc_column_inner css=&#8220;.vc_custom_1521229927014{margin-top: -30px !important;}&#8220; offset=&#8220;vc_hidden-xs&#8220;][vc_column_text dp_animation=&#8220;&#8220;] Kurier- und Sonderfahrt [&hellip;]<\/p>\n","protected":false},"author":1,"featured_media":0,"parent":0,"menu_order":0,"comment_status":"closed","ping_status":"closed","template":"template.fullwidth.vc.php","meta":{"footnotes":""},"class_list":["post-45","page","type-page","status-publish","hentry"],"yoast_head":"<!-- This site is optimized with the Yoast SEO plugin v20.0 - https:\/\/yoast.com\/wordpress\/plugins\/seo\/ -->\n<title>STARTSEITE - Anytime Transport<\/title>\n<meta name=\"robots\" content=\"noindex, follow, max-snippet:-1, max-image-preview:large, max-video-preview:-1\" \/>\n<meta property=\"og:locale\" content=\"de_DE\" \/>\n<meta property=\"og:type\" content=\"article\" \/>\n<meta property=\"og:title\" content=\"STARTSEITE - Anytime Transport\" \/>\n<meta property=\"og:description\" content=\"[vc_row type=&#8220;grid&#8220; video_bg=&#8220;&#8220; css=&#8220;.vc_custom_1488737239805{background-color: #00abab !important;}&#8220;][vc_column dp_animation=&#8220;&#8220;][\/vc_column][\/vc_row][vc_row type=&#8220;grid&#8220; video_bg=&#8220;&#8220; el_id=&#8220;unsereleistungen&#8220;][vc_column css_animation=&#8220;bounceInRight&#8220; width=&#8220;1\/2&#8243; dp_animation=&#8220;&#8220; css=&#8220;.vc_custom_1521230264508{padding-top: 80px !important;}&#8220;][vc_empty_space height=&#8220;22px&#8220;][vc_row_inner][vc_column_inner css=&#8220;.vc_custom_1521229927014{margin-top: -30px !important;}&#8220; offset=&#8220;vc_hidden-xs&#8220;][vc_column_text dp_animation=&#8220;&#8220;] Kurier- und Sonderfahrt [&hellip;]\" \/>\n<meta property=\"og:url\" content=\"https:\/\/www.anytime-transport.at\/\" \/>\n<meta property=\"og:site_name\" content=\"Anytime Transport\" \/>\n<meta property=\"article:modified_time\" content=\"2023-01-27T14:26:10+00:00\" \/>\n<meta property=\"og:image\" content=\"https:\/\/anytime-transport.at\/wp-content\/uploads\/2020\/06\/ffff.png\" \/>\n<meta name=\"twitter:card\" content=\"summary_large_image\" \/>\n<meta name=\"twitter:label1\" content=\"Gesch\u00e4tzte Lesezeit\" \/>\n\t<meta name=\"twitter:data1\" content=\"4\u00a0Minuten\" \/>\n<script type=\"application\/ld+json\" class=\"yoast-schema-graph\">{\"@context\":\"https:\/\/schema.org\",\"@graph\":[{\"@type\":\"WebPage\",\"@id\":\"https:\/\/www.anytime-transport.at\/\",\"url\":\"https:\/\/www.anytime-transport.at\/\",\"name\":\"STARTSEITE - Anytime Transport\",\"isPartOf\":{\"@id\":\"https:\/\/www.anytime-transport.at\/#website\"},\"datePublished\":\"2017-01-07T16:53:32+00:00\",\"dateModified\":\"2023-01-27T14:26:10+00:00\",\"breadcrumb\":{\"@id\":\"https:\/\/www.anytime-transport.at\/#breadcrumb\"},\"inLanguage\":\"de\",\"potentialAction\":[{\"@type\":\"ReadAction\",\"target\":[\"https:\/\/www.anytime-transport.at\/\"]}]},{\"@type\":\"BreadcrumbList\",\"@id\":\"https:\/\/www.anytime-transport.at\/#breadcrumb\",\"itemListElement\":[{\"@type\":\"ListItem\",\"position\":1,\"name\":\"Startseite\",\"item\":\"https:\/\/www.anytime-transport.at\/\"},{\"@type\":\"ListItem\",\"position\":2,\"name\":\"STARTSEITE\"}]},{\"@type\":\"WebSite\",\"@id\":\"https:\/\/www.anytime-transport.at\/#website\",\"url\":\"https:\/\/www.anytime-transport.at\/\",\"name\":\"Anytime Transport\",\"description\":\"Any time, Any more - Transport  Logistik\",\"potentialAction\":[{\"@type\":\"SearchAction\",\"target\":{\"@type\":\"EntryPoint\",\"urlTemplate\":\"https:\/\/www.anytime-transport.at\/?s={search_term_string}\"},\"query-input\":\"required name=search_term_string\"}],\"inLanguage\":\"de\"}]}<\/script>\n<!-- \/ Yoast SEO plugin. -->","yoast_head_json":{"title":"STARTSEITE - Anytime Transport","robots":{"index":"noindex","follow":"follow","max-snippet":"max-snippet:-1","max-image-preview":"max-image-preview:large","max-video-preview":"max-video-preview:-1"},"og_locale":"de_DE","og_type":"article","og_title":"STARTSEITE - Anytime Transport","og_description":"[vc_row type=&#8220;grid&#8220; video_bg=&#8220;&#8220; css=&#8220;.vc_custom_1488737239805{background-color: #00abab !important;}&#8220;][vc_column dp_animation=&#8220;&#8220;][\/vc_column][\/vc_row][vc_row type=&#8220;grid&#8220; video_bg=&#8220;&#8220; el_id=&#8220;unsereleistungen&#8220;][vc_column css_animation=&#8220;bounceInRight&#8220; width=&#8220;1\/2&#8243; dp_animation=&#8220;&#8220; css=&#8220;.vc_custom_1521230264508{padding-top: 80px !important;}&#8220;][vc_empty_space height=&#8220;22px&#8220;][vc_row_inner][vc_column_inner css=&#8220;.vc_custom_1521229927014{margin-top: -30px !important;}&#8220; offset=&#8220;vc_hidden-xs&#8220;][vc_column_text dp_animation=&#8220;&#8220;] Kurier- und Sonderfahrt [&hellip;]","og_url":"https:\/\/www.anytime-transport.at\/","og_site_name":"Anytime Transport","article_modified_time":"2023-01-27T14:26:10+00:00","og_image":[{"url":"https:\/\/anytime-transport.at\/wp-content\/uploads\/2020\/06\/ffff.png"}],"twitter_card":"summary_large_image","twitter_misc":{"Gesch\u00e4tzte Lesezeit":"4\u00a0Minuten"},"schema":{"@context":"https:\/\/schema.org","@graph":[{"@type":"WebPage","@id":"https:\/\/www.anytime-transport.at\/","url":"https:\/\/www.anytime-transport.at\/","name":"STARTSEITE - Anytime Transport","isPartOf":{"@id":"https:\/\/www.anytime-transport.at\/#website"},"datePublished":"2017-01-07T16:53:32+00:00","dateModified":"2023-01-27T14:26:10+00:00","breadcrumb":{"@id":"https:\/\/www.anytime-transport.at\/#breadcrumb"},"inLanguage":"de","potentialAction":[{"@type":"ReadAction","target":["https:\/\/www.anytime-transport.at\/"]}]},{"@type":"BreadcrumbList","@id":"https:\/\/www.anytime-transport.at\/#breadcrumb","itemListElement":[{"@type":"ListItem","position":1,"name":"Startseite","item":"https:\/\/www.anytime-transport.at\/"},{"@type":"ListItem","position":2,"name":"STARTSEITE"}]},{"@type":"WebSite","@id":"https:\/\/www.anytime-transport.at\/#website","url":"https:\/\/www.anytime-transport.at\/","name":"Anytime Transport","description":"Any time, Any more - Transport  Logistik","potentialAction":[{"@type":"SearchAction","target":{"@type":"EntryPoint","urlTemplate":"https:\/\/www.anytime-transport.at\/?s={search_term_string}"},"query-input":"required name=search_term_string"}],"inLanguage":"de"}]}},"_links":{"self":[{"href":"https:\/\/www.anytime-transport.at\/index.php?rest_route=\/wp\/v2\/pages\/45","targetHints":{"allow":["GET"]}}],"collection":[{"href":"https:\/\/www.anytime-transport.at\/index.php?rest_route=\/wp\/v2\/pages"}],"about":[{"href":"https:\/\/www.anytime-transport.at\/index.php?rest_route=\/wp\/v2\/types\/page"}],"author":[{"embeddable":true,"href":"https:\/\/www.anytime-transport.at\/index.php?rest_route=\/wp\/v2\/users\/1"}],"replies":[{"embeddable":true,"href":"https:\/\/www.anytime-transport.at\/index.php?rest_route=%2Fwp%2Fv2%2Fcomments&post=45"}],"version-history":[{"count":13,"href":"https:\/\/www.anytime-transport.at\/index.php?rest_route=\/wp\/v2\/pages\/45\/revisions"}],"predecessor-version":[{"id":3007,"href":"https:\/\/www.anytime-transport.at\/index.php?rest_route=\/wp\/v2\/pages\/45\/revisions\/3007"}],"wp:attachment":[{"href":"https:\/\/www.anytime-transport.at\/index.php?rest_route=%2Fwp%2Fv2%2Fmedia&parent=45"}],"curies":[{"name":"wp","href":"https:\/\/api.w.org\/{rel}","templated":true}]}}